
{"id":23931,"date":"2023-11-07T16:26:10","date_gmt":"2023-11-07T16:26:10","guid":{"rendered":"https:\/\/staging.getproperly.com\/?page_id=23931"},"modified":"2023-11-07T16:29:51","modified_gmt":"2023-11-07T16:29:51","slug":"ueber-uns","status":"publish","type":"page","link":"https:\/\/getproperly.com\/de\/ueber-uns\/","title":{"rendered":"\u00dcber uns"},"content":{"rendered":"\t\t<div data-elementor-type=\"wp-page\" data-elementor-id=\"23931\" class=\"elementor elementor-23931\">\n\t\t\t\t\t\t\t\t\t<section class=\"elementor-section elementor-top-section elementor-element elementor-element-0b7ad50 elementor-section-full_width elementor-section-height-default elementor-section-height-default\" data-id=\"0b7ad50\" data-element_type=\"section\" data-settings=\"{&quot;background_background&quot;:&quot;gradient&quot;}\">\n\t\t\t\t\t\t<div class=\"elementor-container elementor-column-gap-default\">\n\t\t\t\t\t<div class=\"elementor-column elementor-col-50 elementor-top-column elementor-element elementor-element-676a696\" data-id=\"676a696\" data-element_type=\"column\">\n\t\t\t<div class=\"elementor-widget-wrap elementor-element-populated\">\n\t\t\t\t\t\t\t\t<div class=\"elementor-element elementor-element-ad5a1e2 elementor-widget elementor-widget-heading\" data-id=\"ad5a1e2\" data-element_type=\"widget\" data-widget_type=\"heading.default\">\n\t\t\t\t<div class=\"elementor-widget-container\">\n\t\t\t<style>\/*! elementor - v3.18.0 - 20-12-2023 *\/\n.elementor-heading-title{padding:0;margin:0;line-height:1}.elementor-widget-heading .elementor-heading-title[class*=elementor-size-]>a{color:inherit;font-size:inherit;line-height:inherit}.elementor-widget-heading .elementor-heading-title.elementor-size-small{font-size:15px}.elementor-widget-heading .elementor-heading-title.elementor-size-medium{font-size:19px}.elementor-widget-heading .elementor-heading-title.elementor-size-large{font-size:29px}.elementor-widget-heading .elementor-heading-title.elementor-size-xl{font-size:39px}.elementor-widget-heading .elementor-heading-title.elementor-size-xxl{font-size:59px}<\/style><h2 class=\"elementor-heading-title elementor-size-default\">Mission\n<\/h2>\t\t<\/div>\n\t\t\t\t<\/div>\n\t\t\t\t<div class=\"elementor-element elementor-element-fb942b5 elementor-widget elementor-widget-text-editor\" data-id=\"fb942b5\" data-element_type=\"widget\" data-widget_type=\"text-editor.default\">\n\t\t\t\t<div class=\"elementor-widget-container\">\n\t\t\t<style>\/*! elementor - v3.18.0 - 20-12-2023 *\/\n.elementor-widget-text-editor.elementor-drop-cap-view-stacked .elementor-drop-cap{background-color:#69727d;color:#fff}.elementor-widget-text-editor.elementor-drop-cap-view-framed .elementor-drop-cap{color:#69727d;border:3px solid;background-color:transparent}.elementor-widget-text-editor:not(.elementor-drop-cap-view-default) .elementor-drop-cap{margin-top:8px}.elementor-widget-text-editor:not(.elementor-drop-cap-view-default) .elementor-drop-cap-letter{width:1em;height:1em}.elementor-widget-text-editor .elementor-drop-cap{float:left;text-align:center;line-height:1;font-size:50px}.elementor-widget-text-editor .elementor-drop-cap-letter{display:inline-block}<\/style>\t\t\t\t<p style=\"font-size: 20px;\">Properly verpflichtet sich, die h\u00f6chsten Qualit\u00e4tsstandards f\u00fcr den Ferienvermietungssektor und dar\u00fcber hinaus zu setzen. Deshalb ist es unser Anliegen, jeden Beteiligten im Projekt zu erm\u00e4chtigen: Eigent\u00fcmer, Immobilienverwalter und Dienstleister. Wir sind \u00fcberzeugt, dass es f\u00fcr die Festlegung eines echten Standards und dessen Aufrechterhaltung notwendig ist, dass alle Beteiligten ihr Bestes geben, um in ihren Rollen hervorragend zu sein.<\/p>\t\t\t\t\t\t<\/div>\n\t\t\t\t<\/div>\n\t\t\t\t\t<\/div>\n\t\t<\/div>\n\t\t\t\t<div class=\"elementor-column elementor-col-50 elementor-top-column elementor-element elementor-element-54849d9\" data-id=\"54849d9\" data-element_type=\"column\">\n\t\t\t<div class=\"elementor-widget-wrap elementor-element-populated\">\n\t\t\t\t\t\t\t\t<div class=\"elementor-element elementor-element-98322d3 elementor-widget elementor-widget-image\" data-id=\"98322d3\" data-element_type=\"widget\" data-widget_type=\"image.default\">\n\t\t\t\t<div class=\"elementor-widget-container\">\n\t\t\t<style>\/*! elementor - v3.18.0 - 20-12-2023 *\/\n.elementor-widget-image{text-align:center}.elementor-widget-image a{display:inline-block}.elementor-widget-image a img[src$=\".svg\"]{width:48px}.elementor-widget-image img{vertical-align:middle;display:inline-block}<\/style>\t\t\t\t\t\t\t\t\t\t\t\t<img fetchpriority=\"high\" decoding=\"async\" width=\"751\" height=\"871\" src=\"https:\/\/getproperly.com\/wp-content\/uploads\/2022\/02\/img-09-1.png\" class=\"attachment-large size-large wp-image-11413\" alt=\"\" srcset=\"https:\/\/getproperly.com\/wp-content\/uploads\/2022\/02\/img-09-1.png 751w, https:\/\/getproperly.com\/wp-content\/uploads\/2022\/02\/img-09-1-259x300.png 259w\" sizes=\"(max-width: 751px) 100vw, 751px\" \/>\t\t\t\t\t\t\t\t\t\t\t\t\t\t\t<\/div>\n\t\t\t\t<\/div>\n\t\t\t\t\t<\/div>\n\t\t<\/div>\n\t\t\t\t\t\t\t<\/div>\n\t\t<\/section>\n\t\t\t\t<section class=\"elementor-section elementor-top-section elementor-element elementor-element-606aaf4 elementor-section-boxed elementor-section-height-default elementor-section-height-default\" data-id=\"606aaf4\" data-element_type=\"section\" data-settings=\"{&quot;background_background&quot;:&quot;classic&quot;}\">\n\t\t\t\t\t\t<div class=\"elementor-container elementor-column-gap-default\">\n\t\t\t\t\t<div class=\"elementor-column elementor-col-100 elementor-top-column elementor-element elementor-element-519be8c\" data-id=\"519be8c\" data-element_type=\"column\">\n\t\t\t<div class=\"elementor-widget-wrap elementor-element-populated\">\n\t\t\t\t\t\t\t\t<section class=\"elementor-section elementor-inner-section elementor-element elementor-element-7a2fa5c elementor-section-boxed elementor-section-height-default elementor-section-height-default\" data-id=\"7a2fa5c\" data-element_type=\"section\" data-settings=\"{&quot;background_background&quot;:&quot;classic&quot;}\">\n\t\t\t\t\t\t<div class=\"elementor-container elementor-column-gap-default\">\n\t\t\t\t\t<div class=\"elementor-column elementor-col-50 elementor-inner-column elementor-element elementor-element-51b50bb\" data-id=\"51b50bb\" data-element_type=\"column\">\n\t\t\t<div class=\"elementor-widget-wrap elementor-element-populated\">\n\t\t\t\t\t\t\t\t<div class=\"elementor-element elementor-element-4ec47a7 elementor-widget elementor-widget-heading\" data-id=\"4ec47a7\" data-element_type=\"widget\" data-widget_type=\"heading.default\">\n\t\t\t\t<div class=\"elementor-widget-container\">\n\t\t\t<h2 class=\"elementor-heading-title elementor-size-default\">Unser Unternehmen\n\n\n\n\n<\/h2>\t\t<\/div>\n\t\t\t\t<\/div>\n\t\t\t\t<div class=\"elementor-element elementor-element-9148938 elementor-widget elementor-widget-text-editor\" data-id=\"9148938\" data-element_type=\"widget\" data-widget_type=\"text-editor.default\">\n\t\t\t\t<div class=\"elementor-widget-container\">\n\t\t\t\t\t\t\t<p style=\"font-size: 20px;\">Properly wurde 2014 gegr\u00fcndet, um eine einfache L\u00f6sung f\u00fcr das Problem der Gastgeber und Manager von Kurzzeitvermietungen weltweit zu bieten: Wie kann sichergestellt werden, dass jeder G\u00e4stewechsel unabh\u00e4ngig von der Art der Unterkunft oder dem zust\u00e4ndigen Gastgeber ordnungsgem\u00e4\u00df gehandhabt wird. Properly arbeitet mit Besitzern von kleinen und gro\u00dfen Immobilien sowie mit Dienstleistern zusammen \u00fcber eine App mit einer einfachen und sofort verst\u00e4ndlichen Schnittstelle. Unsere Dienstleistungen erm\u00f6glichen es allen Beteiligten, miteinander zu interagieren und ihre Einnahmen zu steigern. Wir glauben fest daran, dass der Erfolg auf der engen Zusammenarbeit und Abstimmung zwischen den Gastgebern, denen, die Dienstleistungen in den Unterk\u00fcnften erbringen, und denen, die sich um die Werbung f\u00fcr unsere G\u00e4ste k\u00fcmmern, basiert.<\/p>\t\t\t\t\t\t<\/div>\n\t\t\t\t<\/div>\n\t\t\t\t\t<\/div>\n\t\t<\/div>\n\t\t\t\t<div class=\"elementor-column elementor-col-50 elementor-inner-column elementor-element elementor-element-b286540\" data-id=\"b286540\" data-element_type=\"column\">\n\t\t\t<div class=\"elementor-widget-wrap elementor-element-populated\">\n\t\t\t\t\t\t\t\t<div class=\"elementor-element elementor-element-956af34 elementor-widget elementor-widget-text-editor\" data-id=\"956af34\" data-element_type=\"widget\" data-widget_type=\"text-editor.default\">\n\t\t\t\t<div class=\"elementor-widget-container\">\n\t\t\t\t\t\t\t<p style=\"font-size: 20px;\">Wir bieten Unterst\u00fctzung in verschiedenen Phasen, von der Akquise eines neuen Eigent\u00fcmers bis hin zum Onboarding, der \u00dcberpr\u00fcfung, Sicherheit oder anderen geplanten Programmen. Properly hat sich von einem einfachen Werkzeug zu einer revolution\u00e4ren Qualit\u00e4tsmanagementl\u00f6sung und einem Zertifizierungssystem f\u00fcr die Verwaltung von Kurzzeitmieten entwickelt. Heute wird Properly weltweit eingesetzt, ist Partner der gr\u00f6\u00dften Anzeigenplattformen und unterst\u00fctzt die Qualit\u00e4tsmanagementsysteme f\u00fcr die f\u00fchrenden Hotelketten der Welt. Das Team von Properly besteht aus erfahrenen Gastgebern und Fachleuten mit jahrelanger Branchenkompetenz. Dank ihres Talents und unserer Methode m\u00f6chten wir weiterhin Immobilien nach den h\u00f6chsten und strengsten Standards verwalten.<\/p>\t\t\t\t\t\t<\/div>\n\t\t\t\t<\/div>\n\t\t\t\t\t<\/div>\n\t\t<\/div>\n\t\t\t\t\t\t\t<\/div>\n\t\t<\/section>\n\t\t\t\t\t<\/div>\n\t\t<\/div>\n\t\t\t\t\t\t\t<\/div>\n\t\t<\/section>\n\t\t\t\t<section class=\"elementor-section elementor-top-section elementor-element elementor-element-df19dc0 elementor-section-boxed elementor-section-height-default elementor-section-height-default\" data-id=\"df19dc0\" data-element_type=\"section\">\n\t\t\t\t\t\t<div class=\"elementor-container elementor-column-gap-default\">\n\t\t\t\t\t<div class=\"elementor-column elementor-col-100 elementor-top-column elementor-element elementor-element-25b8671\" data-id=\"25b8671\" data-element_type=\"column\">\n\t\t\t<div class=\"elementor-widget-wrap elementor-element-populated\">\n\t\t\t\t\t\t\t\t<div class=\"elementor-element elementor-element-fbef002 divider elementor-widget-divider--view-line elementor-widget elementor-widget-divider\" data-id=\"fbef002\" data-element_type=\"widget\" data-widget_type=\"divider.default\">\n\t\t\t\t<div class=\"elementor-widget-container\">\n\t\t\t<style>\/*! elementor - v3.18.0 - 20-12-2023 *\/\n.elementor-widget-divider{--divider-border-style:none;--divider-border-width:1px;--divider-color:#0c0d0e;--divider-icon-size:20px;--divider-element-spacing:10px;--divider-pattern-height:24px;--divider-pattern-size:20px;--divider-pattern-url:none;--divider-pattern-repeat:repeat-x}.elementor-widget-divider .elementor-divider{display:flex}.elementor-widget-divider .elementor-divider__text{font-size:15px;line-height:1;max-width:95%}.elementor-widget-divider .elementor-divider__element{margin:0 var(--divider-element-spacing);flex-shrink:0}.elementor-widget-divider .elementor-icon{font-size:var(--divider-icon-size)}.elementor-widget-divider .elementor-divider-separator{display:flex;margin:0;direction:ltr}.elementor-widget-divider--view-line_icon .elementor-divider-separator,.elementor-widget-divider--view-line_text .elementor-divider-separator{align-items:center}.elementor-widget-divider--view-line_icon .elementor-divider-separator:after,.elementor-widget-divider--view-line_icon .elementor-divider-separator:before,.elementor-widget-divider--view-line_text .elementor-divider-separator:after,.elementor-widget-divider--view-line_text .elementor-divider-separator:before{display:block;content:\"\";border-bottom:0;flex-grow:1;border-top:var(--divider-border-width) var(--divider-border-style) var(--divider-color)}.elementor-widget-divider--element-align-left .elementor-divider .elementor-divider-separator>.elementor-divider__svg:first-of-type{flex-grow:0;flex-shrink:100}.elementor-widget-divider--element-align-left .elementor-divider-separator:before{content:none}.elementor-widget-divider--element-align-left .elementor-divider__element{margin-left:0}.elementor-widget-divider--element-align-right .elementor-divider .elementor-divider-separator>.elementor-divider__svg:last-of-type{flex-grow:0;flex-shrink:100}.elementor-widget-divider--element-align-right .elementor-divider-separator:after{content:none}.elementor-widget-divider--element-align-right .elementor-divider__element{margin-right:0}.elementor-widget-divider:not(.elementor-widget-divider--view-line_text):not(.elementor-widget-divider--view-line_icon) .elementor-divider-separator{border-top:var(--divider-border-width) var(--divider-border-style) var(--divider-color)}.elementor-widget-divider--separator-type-pattern{--divider-border-style:none}.elementor-widget-divider--separator-type-pattern.elementor-widget-divider--view-line .elementor-divider-separator,.elementor-widget-divider--separator-type-pattern:not(.elementor-widget-divider--view-line) .elementor-divider-separator:after,.elementor-widget-divider--separator-type-pattern:not(.elementor-widget-divider--view-line) .elementor-divider-separator:before,.elementor-widget-divider--separator-type-pattern:not([class*=elementor-widget-divider--view]) .elementor-divider-separator{width:100%;min-height:var(--divider-pattern-height);-webkit-mask-size:var(--divider-pattern-size) 100%;mask-size:var(--divider-pattern-size) 100%;-webkit-mask-repeat:var(--divider-pattern-repeat);mask-repeat:var(--divider-pattern-repeat);background-color:var(--divider-color);-webkit-mask-image:var(--divider-pattern-url);mask-image:var(--divider-pattern-url)}.elementor-widget-divider--no-spacing{--divider-pattern-size:auto}.elementor-widget-divider--bg-round{--divider-pattern-repeat:round}.rtl .elementor-widget-divider .elementor-divider__text{direction:rtl}.e-con-inner>.elementor-widget-divider,.e-con>.elementor-widget-divider{width:var(--container-widget-width,100%);--flex-grow:var(--container-widget-flex-grow)}<\/style>\t\t<div class=\"elementor-divider\">\n\t\t\t<span class=\"elementor-divider-separator\">\n\t\t\t\t\t\t<\/span>\n\t\t<\/div>\n\t\t\t\t<\/div>\n\t\t\t\t<\/div>\n\t\t\t\t\t<\/div>\n\t\t<\/div>\n\t\t\t\t\t\t\t<\/div>\n\t\t<\/section>\n\t\t\t\t\t\t\t<\/div>\n\t\t","protected":false},"excerpt":{"rendered":"<p>Mission Properly verpflichtet sich, die h\u00f6chsten Qualit\u00e4tsstandards f\u00fcr den Ferienvermietungssektor<\/p>\n<div class=\"read-more-wrapper\"><a class=\"more-link read-more-link\" href=\"https:\/\/getproperly.com\/de\/ueber-uns\/\">Read More<\/a><\/div>\n","protected":false},"author":14,"featured_media":0,"parent":0,"menu_order":0,"comment_status":"closed","ping_status":"closed","template":"page-templates\/home-page.php","meta":{"_acf_changed":false,"content-type":"","footnotes":""},"class_list":["post-23931","page","type-page","status-publish","hentry"],"acf":[],"_links":{"self":[{"href":"https:\/\/getproperly.com\/de\/wp-json\/wp\/v2\/pages\/23931"}],"collection":[{"href":"https:\/\/getproperly.com\/de\/wp-json\/wp\/v2\/pages"}],"about":[{"href":"https:\/\/getproperly.com\/de\/wp-json\/wp\/v2\/types\/page"}],"author":[{"embeddable":true,"href":"https:\/\/getproperly.com\/de\/wp-json\/wp\/v2\/users\/14"}],"replies":[{"embeddable":true,"href":"https:\/\/getproperly.com\/de\/wp-json\/wp\/v2\/comments?post=23931"}],"version-history":[{"count":6,"href":"https:\/\/getproperly.com\/de\/wp-json\/wp\/v2\/pages\/23931\/revisions"}],"predecessor-version":[{"id":23940,"href":"https:\/\/getproperly.com\/de\/wp-json\/wp\/v2\/pages\/23931\/revisions\/23940"}],"wp:attachment":[{"href":"https:\/\/getproperly.com\/de\/wp-json\/wp\/v2\/media?parent=23931"}],"curies":[{"name":"wp","href":"https:\/\/api.w.org\/{rel}","templated":true}]}}