
{"id":12341,"date":"2021-10-16T10:51:20","date_gmt":"2021-10-16T10:51:20","guid":{"rendered":"https:\/\/staging.getproperly.com\/about\/"},"modified":"2022-02-24T14:34:27","modified_gmt":"2022-02-24T14:34:27","slug":"about","status":"publish","type":"page","link":"https:\/\/getproperly.com\/fr\/about\/","title":{"rendered":"About"},"content":{"rendered":"\t\t<div data-elementor-type=\"wp-page\" data-elementor-id=\"12341\" class=\"elementor elementor-12341\">\n\t\t\t\t\t\t\t\t\t<section class=\"elementor-section elementor-top-section elementor-element elementor-element-0b7ad50 elementor-section-full_width elementor-section-height-default elementor-section-height-default\" data-id=\"0b7ad50\" data-element_type=\"section\" data-settings=\"{&quot;background_background&quot;:&quot;gradient&quot;}\">\n\t\t\t\t\t\t<div class=\"elementor-container elementor-column-gap-default\">\n\t\t\t\t\t<div class=\"elementor-column elementor-col-50 elementor-top-column elementor-element elementor-element-676a696\" data-id=\"676a696\" data-element_type=\"column\">\n\t\t\t<div class=\"elementor-widget-wrap elementor-element-populated\">\n\t\t\t\t\t\t\t\t<div class=\"elementor-element elementor-element-ad5a1e2 elementor-widget elementor-widget-heading\" data-id=\"ad5a1e2\" data-element_type=\"widget\" data-widget_type=\"heading.default\">\n\t\t\t\t<div class=\"elementor-widget-container\">\n\t\t\t<style>\/*! elementor - v3.18.0 - 20-12-2023 *\/\n.elementor-heading-title{padding:0;margin:0;line-height:1}.elementor-widget-heading .elementor-heading-title[class*=elementor-size-]>a{color:inherit;font-size:inherit;line-height:inherit}.elementor-widget-heading .elementor-heading-title.elementor-size-small{font-size:15px}.elementor-widget-heading .elementor-heading-title.elementor-size-medium{font-size:19px}.elementor-widget-heading .elementor-heading-title.elementor-size-large{font-size:29px}.elementor-widget-heading .elementor-heading-title.elementor-size-xl{font-size:39px}.elementor-widget-heading .elementor-heading-title.elementor-size-xxl{font-size:59px}<\/style><h2 class=\"elementor-heading-title elementor-size-default\">Notre Mission<\/h2>\t\t<\/div>\n\t\t\t\t<\/div>\n\t\t\t\t<div class=\"elementor-element elementor-element-fb942b5 elementor-widget elementor-widget-text-editor\" data-id=\"fb942b5\" data-element_type=\"widget\" data-widget_type=\"text-editor.default\">\n\t\t\t\t<div class=\"elementor-widget-container\">\n\t\t\t<style>\/*! elementor - v3.18.0 - 20-12-2023 *\/\n.elementor-widget-text-editor.elementor-drop-cap-view-stacked .elementor-drop-cap{background-color:#69727d;color:#fff}.elementor-widget-text-editor.elementor-drop-cap-view-framed .elementor-drop-cap{color:#69727d;border:3px solid;background-color:transparent}.elementor-widget-text-editor:not(.elementor-drop-cap-view-default) .elementor-drop-cap{margin-top:8px}.elementor-widget-text-editor:not(.elementor-drop-cap-view-default) .elementor-drop-cap-letter{width:1em;height:1em}.elementor-widget-text-editor .elementor-drop-cap{float:left;text-align:center;line-height:1;font-size:50px}.elementor-widget-text-editor .elementor-drop-cap-letter{display:inline-block}<\/style>\t\t\t\t<p style=\"font-size: 20px;\">Properly s&rsquo;engage \u00e0 \u00e9tablir la norme dans le secteur de la location de vacances et au-del\u00e0. C&rsquo;est pourquoi nous nous attachons \u00e0 donner les moyens d&rsquo;agir \u00e0 chaque personne impliqu\u00e9e dans le processus de roulement : propri\u00e9taires, gestionnaires immobiliers et prestataires de services. Nous pensons que pour \u00e9tablir v\u00e9ritablement la norme, et la maintenir, toutes les parties doivent \u00eatre \u00e9quip\u00e9es pour exceller dans leur r\u00f4le.<\/p>\t\t\t\t\t\t<\/div>\n\t\t\t\t<\/div>\n\t\t\t\t\t<\/div>\n\t\t<\/div>\n\t\t\t\t<div class=\"elementor-column elementor-col-50 elementor-top-column elementor-element elementor-element-54849d9\" data-id=\"54849d9\" data-element_type=\"column\">\n\t\t\t<div class=\"elementor-widget-wrap elementor-element-populated\">\n\t\t\t\t\t\t\t\t<div class=\"elementor-element elementor-element-98322d3 elementor-widget elementor-widget-image\" data-id=\"98322d3\" data-element_type=\"widget\" data-widget_type=\"image.default\">\n\t\t\t\t<div class=\"elementor-widget-container\">\n\t\t\t<style>\/*! elementor - v3.18.0 - 20-12-2023 *\/\n.elementor-widget-image{text-align:center}.elementor-widget-image a{display:inline-block}.elementor-widget-image a img[src$=\".svg\"]{width:48px}.elementor-widget-image img{vertical-align:middle;display:inline-block}<\/style>\t\t\t\t\t\t\t\t\t\t\t\t<img fetchpriority=\"high\" decoding=\"async\" width=\"751\" height=\"871\" src=\"https:\/\/getproperly.com\/wp-content\/uploads\/2022\/02\/img-09-1.png\" class=\"attachment-large size-large wp-image-11411\" alt=\"\" srcset=\"https:\/\/getproperly.com\/wp-content\/uploads\/2022\/02\/img-09-1.png 751w, https:\/\/getproperly.com\/wp-content\/uploads\/2022\/02\/img-09-1-259x300.png 259w\" sizes=\"(max-width: 751px) 100vw, 751px\" \/>\t\t\t\t\t\t\t\t\t\t\t\t\t\t\t<\/div>\n\t\t\t\t<\/div>\n\t\t\t\t\t<\/div>\n\t\t<\/div>\n\t\t\t\t\t\t\t<\/div>\n\t\t<\/section>\n\t\t\t\t<section class=\"elementor-section elementor-top-section elementor-element elementor-element-606aaf4 elementor-section-boxed elementor-section-height-default elementor-section-height-default\" data-id=\"606aaf4\" data-element_type=\"section\" data-settings=\"{&quot;background_background&quot;:&quot;classic&quot;}\">\n\t\t\t\t\t\t<div class=\"elementor-container elementor-column-gap-default\">\n\t\t\t\t\t<div class=\"elementor-column elementor-col-100 elementor-top-column elementor-element elementor-element-519be8c\" data-id=\"519be8c\" data-element_type=\"column\">\n\t\t\t<div class=\"elementor-widget-wrap elementor-element-populated\">\n\t\t\t\t\t\t\t\t<section class=\"elementor-section elementor-inner-section elementor-element elementor-element-7a2fa5c elementor-section-boxed elementor-section-height-default elementor-section-height-default\" data-id=\"7a2fa5c\" data-element_type=\"section\" data-settings=\"{&quot;background_background&quot;:&quot;classic&quot;}\">\n\t\t\t\t\t\t<div class=\"elementor-container elementor-column-gap-default\">\n\t\t\t\t\t<div class=\"elementor-column elementor-col-50 elementor-inner-column elementor-element elementor-element-51b50bb\" data-id=\"51b50bb\" data-element_type=\"column\">\n\t\t\t<div class=\"elementor-widget-wrap elementor-element-populated\">\n\t\t\t\t\t\t\t\t<div class=\"elementor-element elementor-element-4ec47a7 elementor-widget elementor-widget-heading\" data-id=\"4ec47a7\" data-element_type=\"widget\" data-widget_type=\"heading.default\">\n\t\t\t\t<div class=\"elementor-widget-container\">\n\t\t\t<h2 class=\"elementor-heading-title elementor-size-default\">Notre Entreprise<\/h2>\t\t<\/div>\n\t\t\t\t<\/div>\n\t\t\t\t<div class=\"elementor-element elementor-element-9148938 elementor-widget elementor-widget-text-editor\" data-id=\"9148938\" data-element_type=\"widget\" data-widget_type=\"text-editor.default\">\n\t\t\t\t<div class=\"elementor-widget-container\">\n\t\t\t\t\t\t\t<p style=\"font-size: 20px;\">Properly a \u00e9t\u00e9 fond\u00e9e en 2014, avec la vision de fournir une solution simple \u00e0 un probl\u00e8me que de nombreux h\u00f4tes de location \u00e0 court terme connaissent bien : s&rsquo;assurer que chaque roulement de locataires est fait correctement \u00e0 chaque fois, peu importe \u00e0 quel point chaque propri\u00e9t\u00e9 peut \u00eatre unique, ou de quel fournisseur de services il s&rsquo;agit.<br \/>Properly travaille avec des propri\u00e9taires, des gestionnaires de petites propri\u00e9t\u00e9s et des prestataires de services agr\u00e9\u00e9s sur une application intuitive et agr\u00e9able \u00e0 utiliser. Cela permet une interface facile entre toutes les parties et rend possible des roulements de locataires constants et de haute qualit\u00e9. <br \/>Nous croyons profond\u00e9ment que le succ\u00e8s repose sur une collaboration \u00e9troite et un alignement des incitations entre les h\u00f4tes, ceux qui entretiennent <\/p>\t\t\t\t\t\t<\/div>\n\t\t\t\t<\/div>\n\t\t\t\t\t<\/div>\n\t\t<\/div>\n\t\t\t\t<div class=\"elementor-column elementor-col-50 elementor-inner-column elementor-element elementor-element-b286540\" data-id=\"b286540\" data-element_type=\"column\">\n\t\t\t<div class=\"elementor-widget-wrap elementor-element-populated\">\n\t\t\t\t\t\t\t\t<div class=\"elementor-element elementor-element-956af34 elementor-widget elementor-widget-text-editor\" data-id=\"956af34\" data-element_type=\"widget\" data-widget_type=\"text-editor.default\">\n\t\t\t\t<div class=\"elementor-widget-container\">\n\t\t\t\t\t\t\t<p style=\"font-size: 20px;\">les propri\u00e9t\u00e9s et ceux qui les commercialisent aupr\u00e8s de nos clients.<br \/>Nous apportons notre aide \u00e0 diff\u00e9rentes \u00e9tapes du travail, qu&rsquo;il s&rsquo;agisse de l&rsquo;acquisition de propri\u00e9taires, de leur int\u00e9gration, de la v\u00e9rification, de la sant\u00e9 et de la s\u00e9curit\u00e9, ou d&rsquo;autres protocoles standard de la branche. <br \/>Properly est pass\u00e9 d&rsquo;un simple outil \u00e0 une solution r\u00e9volutionnaire de gestion de grande qualit\u00e9 et \u00e0 un cadre de certification pour les locations \u00e0 court terme. Aujourd&rsquo;hui Properly est utilis\u00e9 dans le monde entier, en partenariat avec toutes les principales plateformes d&rsquo;annonces, et alimente les structures de gestion de qualit\u00e9 de grandes marques h\u00f4teli\u00e8res mondiales.<br \/>L&rsquo;\u00e9quipe de gestion de Properly est compos\u00e9e d&rsquo;h\u00f4tes exp\u00e9riment\u00e9s et de leaders en r\u00e9flexions ayant des ann\u00e9es d&rsquo;exp\u00e9rience dans le secteur, et continue \u00e0 s\u2019efforcer de g\u00e9rer les propri\u00e9t\u00e9s selon une norme d&rsquo;excellence.<\/p>\t\t\t\t\t\t<\/div>\n\t\t\t\t<\/div>\n\t\t\t\t\t<\/div>\n\t\t<\/div>\n\t\t\t\t\t\t\t<\/div>\n\t\t<\/section>\n\t\t\t\t\t<\/div>\n\t\t<\/div>\n\t\t\t\t\t\t\t<\/div>\n\t\t<\/section>\n\t\t\t\t<section class=\"elementor-section elementor-top-section elementor-element elementor-element-df19dc0 elementor-section-boxed elementor-section-height-default elementor-section-height-default\" data-id=\"df19dc0\" data-element_type=\"section\">\n\t\t\t\t\t\t<div class=\"elementor-container elementor-column-gap-default\">\n\t\t\t\t\t<div class=\"elementor-column elementor-col-100 elementor-top-column elementor-element elementor-element-25b8671\" data-id=\"25b8671\" data-element_type=\"column\">\n\t\t\t<div class=\"elementor-widget-wrap elementor-element-populated\">\n\t\t\t\t\t\t\t\t<div class=\"elementor-element elementor-element-fbef002 divider elementor-widget-divider--view-line elementor-widget elementor-widget-divider\" data-id=\"fbef002\" data-element_type=\"widget\" data-widget_type=\"divider.default\">\n\t\t\t\t<div class=\"elementor-widget-container\">\n\t\t\t<style>\/*! elementor - v3.18.0 - 20-12-2023 *\/\n.elementor-widget-divider{--divider-border-style:none;--divider-border-width:1px;--divider-color:#0c0d0e;--divider-icon-size:20px;--divider-element-spacing:10px;--divider-pattern-height:24px;--divider-pattern-size:20px;--divider-pattern-url:none;--divider-pattern-repeat:repeat-x}.elementor-widget-divider .elementor-divider{display:flex}.elementor-widget-divider .elementor-divider__text{font-size:15px;line-height:1;max-width:95%}.elementor-widget-divider .elementor-divider__element{margin:0 var(--divider-element-spacing);flex-shrink:0}.elementor-widget-divider .elementor-icon{font-size:var(--divider-icon-size)}.elementor-widget-divider .elementor-divider-separator{display:flex;margin:0;direction:ltr}.elementor-widget-divider--view-line_icon .elementor-divider-separator,.elementor-widget-divider--view-line_text .elementor-divider-separator{align-items:center}.elementor-widget-divider--view-line_icon .elementor-divider-separator:after,.elementor-widget-divider--view-line_icon .elementor-divider-separator:before,.elementor-widget-divider--view-line_text .elementor-divider-separator:after,.elementor-widget-divider--view-line_text .elementor-divider-separator:before{display:block;content:\"\";border-bottom:0;flex-grow:1;border-top:var(--divider-border-width) var(--divider-border-style) var(--divider-color)}.elementor-widget-divider--element-align-left .elementor-divider .elementor-divider-separator>.elementor-divider__svg:first-of-type{flex-grow:0;flex-shrink:100}.elementor-widget-divider--element-align-left .elementor-divider-separator:before{content:none}.elementor-widget-divider--element-align-left .elementor-divider__element{margin-left:0}.elementor-widget-divider--element-align-right .elementor-divider .elementor-divider-separator>.elementor-divider__svg:last-of-type{flex-grow:0;flex-shrink:100}.elementor-widget-divider--element-align-right .elementor-divider-separator:after{content:none}.elementor-widget-divider--element-align-right .elementor-divider__element{margin-right:0}.elementor-widget-divider:not(.elementor-widget-divider--view-line_text):not(.elementor-widget-divider--view-line_icon) .elementor-divider-separator{border-top:var(--divider-border-width) var(--divider-border-style) var(--divider-color)}.elementor-widget-divider--separator-type-pattern{--divider-border-style:none}.elementor-widget-divider--separator-type-pattern.elementor-widget-divider--view-line .elementor-divider-separator,.elementor-widget-divider--separator-type-pattern:not(.elementor-widget-divider--view-line) .elementor-divider-separator:after,.elementor-widget-divider--separator-type-pattern:not(.elementor-widget-divider--view-line) .elementor-divider-separator:before,.elementor-widget-divider--separator-type-pattern:not([class*=elementor-widget-divider--view]) .elementor-divider-separator{width:100%;min-height:var(--divider-pattern-height);-webkit-mask-size:var(--divider-pattern-size) 100%;mask-size:var(--divider-pattern-size) 100%;-webkit-mask-repeat:var(--divider-pattern-repeat);mask-repeat:var(--divider-pattern-repeat);background-color:var(--divider-color);-webkit-mask-image:var(--divider-pattern-url);mask-image:var(--divider-pattern-url)}.elementor-widget-divider--no-spacing{--divider-pattern-size:auto}.elementor-widget-divider--bg-round{--divider-pattern-repeat:round}.rtl .elementor-widget-divider .elementor-divider__text{direction:rtl}.e-con-inner>.elementor-widget-divider,.e-con>.elementor-widget-divider{width:var(--container-widget-width,100%);--flex-grow:var(--container-widget-flex-grow)}<\/style>\t\t<div class=\"elementor-divider\">\n\t\t\t<span class=\"elementor-divider-separator\">\n\t\t\t\t\t\t<\/span>\n\t\t<\/div>\n\t\t\t\t<\/div>\n\t\t\t\t<\/div>\n\t\t\t\t\t<\/div>\n\t\t<\/div>\n\t\t\t\t\t\t\t<\/div>\n\t\t<\/section>\n\t\t\t\t\t\t\t<\/div>\n\t\t","protected":false},"excerpt":{"rendered":"<p>Notre Mission Properly s&rsquo;engage \u00e0 \u00e9tablir la norme dans le<\/p>\n<div class=\"read-more-wrapper\"><a class=\"more-link read-more-link\" href=\"https:\/\/getproperly.com\/fr\/about\/\">Read More<\/a><\/div>\n","protected":false},"author":14,"featured_media":0,"parent":0,"menu_order":0,"comment_status":"closed","ping_status":"closed","template":"page-templates\/home-page.php","meta":{"_acf_changed":false,"content-type":"","footnotes":""},"class_list":["post-12341","page","type-page","status-publish","hentry"],"acf":[],"_links":{"self":[{"href":"https:\/\/getproperly.com\/fr\/wp-json\/wp\/v2\/pages\/12341"}],"collection":[{"href":"https:\/\/getproperly.com\/fr\/wp-json\/wp\/v2\/pages"}],"about":[{"href":"https:\/\/getproperly.com\/fr\/wp-json\/wp\/v2\/types\/page"}],"author":[{"embeddable":true,"href":"https:\/\/getproperly.com\/fr\/wp-json\/wp\/v2\/users\/14"}],"replies":[{"embeddable":true,"href":"https:\/\/getproperly.com\/fr\/wp-json\/wp\/v2\/comments?post=12341"}],"version-history":[{"count":5,"href":"https:\/\/getproperly.com\/fr\/wp-json\/wp\/v2\/pages\/12341\/revisions"}],"predecessor-version":[{"id":12348,"href":"https:\/\/getproperly.com\/fr\/wp-json\/wp\/v2\/pages\/12341\/revisions\/12348"}],"wp:attachment":[{"href":"https:\/\/getproperly.com\/fr\/wp-json\/wp\/v2\/media?parent=12341"}],"curies":[{"name":"wp","href":"https:\/\/api.w.org\/{rel}","templated":true}]}}